{"id":1048,"date":"2025-02-20T11:08:41","date_gmt":"2025-02-20T10:08:41","guid":{"rendered":"https:\/\/aoeplastics.com\/?page_id=1048"},"modified":"2025-05-16T14:11:51","modified_gmt":"2025-05-16T12:11:51","slug":"aviso-legal","status":"publish","type":"page","link":"https:\/\/aoeplastics.com\/ca\/aviso-legal\/","title":{"rendered":"Av\u00eds legal"},"content":{"rendered":"<div data-elementor-type=\"wp-page\" data-elementor-id=\"1048\" class=\"elementor elementor-1048\" data-elementor-post-type=\"page\">\n\t\t\t\t<div class=\"elementor-element elementor-element-4df92ba e-con-full e-transform e-flex e-con e-parent\" data-id=\"4df92ba\" data-element_type=\"container\" data-settings=\"{&quot;background_background&quot;:&quot;classic&quot;,&quot;_transform_scale_effect&quot;:{&quot;unit&quot;:&quot;px&quot;,&quot;size&quot;:1.1,&quot;sizes&quot;:[]},&quot;_transform_scale_effect_tablet&quot;:{&quot;unit&quot;:&quot;px&quot;,&quot;size&quot;:&quot;&quot;,&quot;sizes&quot;:[]},&quot;_transform_scale_effect_mobile&quot;:{&quot;unit&quot;:&quot;px&quot;,&quot;size&quot;:&quot;&quot;,&quot;sizes&quot;:[]}}\">\n\t\t<div class=\"elementor-element elementor-element-fcca0a1 e-con-full e-flex e-con e-child\" data-id=\"fcca0a1\" data-element_type=\"container\" data-settings=\"{&quot;background_background&quot;:&quot;classic&quot;}\">\n\t\t\t\t<\/div>\n\t\t<div class=\"elementor-element elementor-element-b1dbd80 e-con-full elementor-hidden-mobile e-flex e-con e-child\" data-id=\"b1dbd80\" data-element_type=\"container\" data-settings=\"{&quot;background_background&quot;:&quot;classic&quot;}\">\n\t\t\t\t<\/div>\n\t\t\t\t<\/div>\n\t\t<div class=\"elementor-element elementor-element-76dd421 e-flex e-con-boxed e-con e-parent\" data-id=\"76dd421\" data-element_type=\"container\">\n\t\t\t\t\t<div class=\"e-con-inner\">\n\t\t\t\t<div class=\"elementor-element elementor-element-fb5f248 elementor-widget elementor-widget-text-editor\" data-id=\"fb5f248\" data-element_type=\"widget\" data-widget_type=\"text-editor.default\">\n\t\t\t\t<div class=\"elementor-widget-container\">\n\t\t\t\t\t\t\t\t\t<p><strong>AOE PLASTICS SL<\/strong>, responsable del lloc web, d&#039;ara endavant RESPONSABLE, posa a disposici\u00f3 dels usuaris aquest document, amb el qual pret\u00e9n donar compliment a les obligacions disposades a la Llei 34\/2002, d&#039;11 de juliol, de Serveis de la Societat de la Informaci\u00f3 i de Comer\u00e7 Electr\u00f2nic (LSSICE), BOE N\u00ba 166, aix\u00ed com informar a tots els usuaris.<\/p><p><!-- \/wp:paragraph --><!-- wp:paragraph --><\/p><p>Tota persona que accedeixi a aquest lloc web assumeix el paper d&#039;usuari, comprometent-se a l&#039;observan\u00e7a i el compliment rigor\u00f3s de les disposicions aqu\u00ed disposades, aix\u00ed com a qualsevol altra disposici\u00f3 legal que sigui aplicable.<\/p><p><!-- \/wp:paragraph --><!-- wp:paragraph --><\/p><p>AOE PLASTICS SL es reserva el dret de modificar qualsevol tipus d&#039;informaci\u00f3 que pogu\u00e9s apar\u00e8ixer al lloc web, sense que hi hagi obligaci\u00f3 de preavisar o posar en coneixement dels usuaris aquestes modificacions, entenent-se com a suficient amb la publicaci\u00f3 al lloc web d&#039;AOE PLASTICS SL.<\/p><p><!-- \/wp:paragraph --><!-- wp:paragraph --><\/p><p>Aquest Av\u00eds Legal regula l&#039;\u00fas del servei del portal d&#039;Internet amb adre\u00e7a <a>https:\/\/www.aoeplastics.com<\/a>, el responsable del qual a efectes identificatius \u00e9s:<\/p><p><!-- \/wp:paragraph --><!-- wp:paragraph --><\/p><p>Responsable: AOE PLASTICS SL<br \/>CIF: B60719515<br \/>Adre\u00e7a: CARRER NEPTU, 24 TERRASSA 08228 Barcelona, Espanya<br \/>Tel\u00e8fon: 937838341<br \/>Correu electr\u00f2nic: <a>aoeplastics@aoeplastics.com<\/a><\/p><p><!-- \/wp:paragraph --><!-- wp:heading {\"level\":3} --><\/p><h3 class=\"wp-block-heading\">Legislaci\u00f3<\/h3><p><!-- \/wp:heading --><!-- wp:paragraph --><\/p><p>Amb car\u00e0cter general, les relacions entre AOE PLASTICS SL amb els Usuaris dels seus serveis telem\u00e0tics, presents a la web, es troben sotmeses a la legislaci\u00f3 i jurisdicci\u00f3 espanyoles.<\/p><p><!-- \/wp:paragraph --><!-- wp:paragraph --><\/p><p>Les parts renuncien expressament al fur que els pogu\u00e9s correspondre i sotmeten expressament als Jutjats i Tribunals de Terrassa (Barcelona) per resoldre qualsevol controv\u00e8rsia que pogu\u00e9s sorgir en la interpretaci\u00f3 o execuci\u00f3 de les presents condicions contractuals.<\/p><p><!-- \/wp:paragraph --><!-- wp:heading {\"level\":3} --><\/p><h3 class=\"wp-block-heading\">Contingut i \u00das<\/h3><p><!-- \/wp:heading --><!-- wp:paragraph --><\/p><p>L&#039;Usuari queda informat, i accepta, que l&#039;acc\u00e9s a la present web no suposa, de cap manera, l&#039;inici d&#039;una relaci\u00f3 comercial amb AOE PLASTICS SL.<\/p><p><!-- \/wp:paragraph --><!-- wp:paragraph --><\/p><p>El titular del web no s&#039;identifica amb les opinions abocades al mateix pels seus col\u00b7laboradors. L&#039;Empresa es reserva el dret d&#039;efectuar sense previ av\u00eds les modificacions que consideri oportunes a la seva Web, podent canviar, suprimir o afegir tant els continguts i serveis que es prestin a trav\u00e9s d&#039;aquesta com la forma en qu\u00e8 aquests apareguin presentats o localitzats als seus servidors.<\/p><p><!-- \/wp:paragraph --><!-- wp:heading {\"level\":3} --><\/p><h3 class=\"wp-block-heading\">Propietat intel\u00b7lectual i industrial<\/h3><p><!-- \/wp:heading --><!-- wp:paragraph --><\/p><p>Els drets de propietat intel\u00b7lectual del contingut de les p\u00e0gines web, el disseny gr\u00e0fic i els codis s\u00f3n titularitat d&#039;AOE PLASTICS SL i, per tant, queda prohibida la seva reproducci\u00f3, distribuci\u00f3, comunicaci\u00f3 p\u00fablica, transformaci\u00f3 o qualsevol altra activitat que es pugui realitzar amb els continguts de les seves p\u00e0gines web, ni encara citant les fonts, llevat del consentiment per escrit d&#039;AOE PLASTICS SL. Tots els noms comercials, marques o signes distintius de qualsevol classe continguts a les p\u00e0gines web de l&#039;Empresa s\u00f3n propietat dels seus amos i estan protegits per llei.<\/p><p><!-- \/wp:paragraph --><!-- wp:heading {\"level\":3} --><\/p><h3 class=\"wp-block-heading\">Enlla\u00e7os (Links)<\/h3><p><!-- \/wp:heading --><!-- wp:paragraph --><\/p><p>La pres\u00e8ncia d&#039;enlla\u00e7os (links) a les p\u00e0gines web d&#039;AOE PLASTICS SL t\u00e9 finalitat merament informativa i en cap cas no suposa suggeriment, invitaci\u00f3 o recomanaci\u00f3 sobre aquests.<\/p><p><!-- \/wp:paragraph --><!-- wp:heading {\"level\":3} --><\/p><h3 class=\"wp-block-heading\">Exempci\u00f3 de Responsabilitats<\/h3><p><!-- \/wp:heading --><!-- wp:paragraph --><\/p><p>El RESPONSABLE s&#039;eximeix de qualsevol tipus de responsabilitat derivada de la informaci\u00f3 publicada al vostre lloc web sempre que aquesta informaci\u00f3 hagi estat manipulada o introdu\u00efda per un tercer ali\u00e8 al mateix.<\/p><p><!-- \/wp:paragraph --><!-- wp:heading {\"level\":3} --><\/p><h3 class=\"wp-block-heading\">\u00das de galetes<\/h3><p><!-- \/wp:heading --><!-- wp:paragraph --><\/p><p>Aquest lloc web utilitza galetes t\u00e8cniques (petits arxius d&#039;informaci\u00f3 que el servidor envia a l&#039;ordinador de qui accedeix a la p\u00e0gina) per dur a terme determinades funcions que s\u00f3n considerades imprescindibles per al correcte funcionament i visualitzaci\u00f3 del lloc. Les galetes utilitzades tenen, en tot cas, car\u00e0cter temporal, amb l&#039;\u00fanica finalitat de fer m\u00e9s efica\u00e7 la navegaci\u00f3, i desapareixen en acabar la sessi\u00f3 de l&#039;usuari. En cap cas, aquestes galetes proporcionen per si mateixes dades de car\u00e0cter personal i no s&#039;utilitzaran per a la recollida dels mateixos.<\/p><p><!-- \/wp:paragraph --><!-- wp:paragraph --><\/p><p>Mitjan\u00e7ant l&#039;\u00fas de cookies tamb\u00e9 \u00e9s possible que el servidor on es troba la web reconegui el navegador utilitzat per l&#039;usuari amb la finalitat que la navegaci\u00f3 sigui m\u00e9s senzilla, permetent, per exemple, l&#039;acc\u00e9s dels usuaris que s&#039;hagin registrat pr\u00e8viament a les \u00e0rees, serveis, promocions o concursos reservats exclusivament a aquests sense haver de registrar-se a cada visita. Tamb\u00e9 es poden utilitzar per mesurar l&#039;audi\u00e8ncia, par\u00e0metres de tr\u00e0nsit, controlar el progr\u00e9s i el nombre d&#039;entrades, etc., en aquests casos s\u00f3n cookies prescindibles t\u00e8cnicament per\u00f2 beneficioses per a l&#039;usuari. Aquest lloc web no instal\u00b7lar\u00e0 galetes prescindibles sense el consentiment previ de l&#039;usuari.<\/p><p><!-- \/wp:paragraph --><!-- wp:paragraph --><\/p><p>L&#039;usuari t\u00e9 la possibilitat de configurar el vostre navegador per ser alertat de la recepci\u00f3 de cookies i per impedir la seva instal\u00b7laci\u00f3 al vostre equip. Si us plau, consulteu les instruccions del vostre navegador per ampliar aquesta informaci\u00f3.<\/p><p><!-- \/wp:paragraph --><!-- wp:heading {\"level\":3} --><\/p><h3 class=\"wp-block-heading\">Adreces IP<\/h3><p><!-- \/wp:heading --><!-- wp:paragraph --><\/p><p>Els servidors del lloc web podran detectar autom\u00e0ticament l&#039;adre\u00e7a IP i el nom de domini utilitzats per l&#039;usuari. Una adre\u00e7a IP \u00e9s un n\u00famero assignat autom\u00e0ticament a un ordinador quan aquest es connecta a Internet. Tota aquesta informaci\u00f3 es registra en un fitxer d&#039;activitat del servidor degudament inscrit que permet el processament posterior de les dades per tal d&#039;obtenir mesures \u00fanicament estad\u00edstiques que permetin con\u00e8ixer el nombre d&#039;impressions de p\u00e0gines, el nombre de visites realitzades als servidors web, l&#039;ordre de visites, el punt d&#039;acc\u00e9s, etc.<\/p><p><!-- \/wp:paragraph --><!-- wp:heading {\"level\":3} --><\/p><h3 class=\"wp-block-heading\">Llei Aplicable i Jurisdicci\u00f3<\/h3><p><!-- \/wp:heading --><!-- wp:paragraph --><\/p><p>Per a la resoluci\u00f3 de totes les controv\u00e8rsies o q\u00fcestions relacionades amb el present lloc web o de les activitats que s&#039;hi desenvolupin, ser\u00e0 aplicable la legislaci\u00f3 espanyola, a la qual se sotmeten expressament les parts, sent competents per a la resoluci\u00f3 de tots els conflictes derivats o relacionats amb el seu \u00fas els Jutjats i Tribunals m\u00e9s propers a Terrassa (Barcelona).<\/p><p><!-- \/wp:paragraph --><\/p>\t\t\t\t\t\t\t\t<\/div>\n\t\t\t\t<\/div>\n\t\t\t\t\t<\/div>\n\t\t\t\t<\/div>\n\t\t\t\t<\/div>","protected":false},"excerpt":{"rendered":"<p>A O E PLASTICS SL, responsable del sitio web, en adelante RESPONSABLE, pone a disposici\u00f3n de los usuarios el presente [&hellip;]<\/p>","protected":false},"author":3,"featured_media":0,"parent":0,"menu_order":0,"comment_status":"closed","ping_status":"closed","template":"","meta":{"site-sidebar-layout":"no-sidebar","site-content-layout":"","ast-site-content-layout":"full-width-container","site-content-style":"default","site-sidebar-style":"default","ast-global-header-display":"","ast-banner-title-visibility":"","ast-main-header-display":"","ast-hfb-above-header-display":"","ast-hfb-below-header-display":"","ast-hfb-mobile-header-display":"","site-post-title":"disabled","ast-breadcrumbs-content":"","ast-featured-img":"disabled","footer-sml-layout":"","theme-transparent-header-meta":"","adv-header-id-meta":"","stick-header-meta":"","header-above-stick-meta":"","header-main-stick-meta":"","header-below-stick-meta":"","astra-migrate-meta-layouts":"default","ast-page-background-enabled":"default","ast-page-background-meta":{"desktop":{"background-color":"var(--ast-global-color-4)","background-image":"","background-repeat":"repeat","background-position":"center center","background-size":"auto","background-attachment":"scroll","background-type":"","background-media":"","overlay-type":"","overlay-color":"","overlay-opacity":"","overlay-gradient":""},"tablet":{"background-color":"","background-image":"","background-repeat":"repeat","background-position":"center center","background-size":"auto","background-attachment":"scroll","background-type":"","background-media":"","overlay-type":"","overlay-color":"","overlay-opacity":"","overlay-gradient":""},"mobile":{"background-color":"","background-image":"","background-repeat":"repeat","background-position":"center center","background-size":"auto","background-attachment":"scroll","background-type":"","background-media":"","overlay-type":"","overlay-color":"","overlay-opacity":"","overlay-gradient":""}},"ast-content-background-meta":{"desktop":{"background-color":"var(--ast-global-color-5)","background-image":"","background-repeat":"repeat","background-position":"center center","background-size":"auto","background-attachment":"scroll","background-type":"","background-media":"","overlay-type":"","overlay-color":"","overlay-opacity":"","overlay-gradient":""},"tablet":{"background-color":"var(--ast-global-color-5)","background-image":"","background-repeat":"repeat","background-position":"center center","background-size":"auto","background-attachment":"scroll","background-type":"","background-media":"","overlay-type":"","overlay-color":"","overlay-opacity":"","overlay-gradient":""},"mobile":{"background-color":"var(--ast-global-color-5)","background-image":"","background-repeat":"repeat","background-position":"center center","background-size":"auto","background-attachment":"scroll","background-type":"","background-media":"","overlay-type":"","overlay-color":"","overlay-opacity":"","overlay-gradient":""}},"footnotes":""},"class_list":["post-1048","page","type-page","status-publish","hentry"],"_links":{"self":[{"href":"https:\/\/aoeplastics.com\/ca\/wp-json\/wp\/v2\/pages\/1048","targetHints":{"allow":["GET"]}}],"collection":[{"href":"https:\/\/aoeplastics.com\/ca\/wp-json\/wp\/v2\/pages"}],"about":[{"href":"https:\/\/aoeplastics.com\/ca\/wp-json\/wp\/v2\/types\/page"}],"author":[{"embeddable":true,"href":"https:\/\/aoeplastics.com\/ca\/wp-json\/wp\/v2\/users\/3"}],"replies":[{"embeddable":true,"href":"https:\/\/aoeplastics.com\/ca\/wp-json\/wp\/v2\/comments?post=1048"}],"version-history":[{"count":8,"href":"https:\/\/aoeplastics.com\/ca\/wp-json\/wp\/v2\/pages\/1048\/revisions"}],"predecessor-version":[{"id":1058,"href":"https:\/\/aoeplastics.com\/ca\/wp-json\/wp\/v2\/pages\/1048\/revisions\/1058"}],"wp:attachment":[{"href":"https:\/\/aoeplastics.com\/ca\/wp-json\/wp\/v2\/media?parent=1048"}],"curies":[{"name":"wp","href":"https:\/\/api.w.org\/{rel}","templated":true}]}}