{"id":1053,"date":"2025-02-20T11:11:18","date_gmt":"2025-02-20T10:11:18","guid":{"rendered":"https:\/\/aoeplastics.com\/?page_id=1053"},"modified":"2025-05-16T14:11:54","modified_gmt":"2025-05-16T12:11:54","slug":"politica-de-privacidad","status":"publish","type":"page","link":"https:\/\/aoeplastics.com\/ca\/politica-de-privacidad\/","title":{"rendered":"Pol\u00edtica de privadesa"},"content":{"rendered":"<div data-elementor-type=\"wp-page\" data-elementor-id=\"1053\" class=\"elementor elementor-1053\" data-elementor-post-type=\"page\">\n\t\t\t\t<div class=\"elementor-element elementor-element-4df92ba e-con-full e-transform e-flex e-con e-parent\" data-id=\"4df92ba\" data-element_type=\"container\" data-settings=\"{&quot;background_background&quot;:&quot;classic&quot;,&quot;_transform_scale_effect&quot;:{&quot;unit&quot;:&quot;px&quot;,&quot;size&quot;:1.1,&quot;sizes&quot;:[]},&quot;_transform_scale_effect_tablet&quot;:{&quot;unit&quot;:&quot;px&quot;,&quot;size&quot;:&quot;&quot;,&quot;sizes&quot;:[]},&quot;_transform_scale_effect_mobile&quot;:{&quot;unit&quot;:&quot;px&quot;,&quot;size&quot;:&quot;&quot;,&quot;sizes&quot;:[]}}\">\n\t\t<div class=\"elementor-element elementor-element-fcca0a1 e-con-full e-flex e-con e-child\" data-id=\"fcca0a1\" data-element_type=\"container\" data-settings=\"{&quot;background_background&quot;:&quot;classic&quot;}\">\n\t\t\t\t<\/div>\n\t\t<div class=\"elementor-element elementor-element-b1dbd80 e-con-full elementor-hidden-mobile e-flex e-con e-child\" data-id=\"b1dbd80\" data-element_type=\"container\" data-settings=\"{&quot;background_background&quot;:&quot;classic&quot;}\">\n\t\t\t\t<\/div>\n\t\t\t\t<\/div>\n\t\t<div class=\"elementor-element elementor-element-bb04fb7 e-con-full e-flex e-con e-parent\" data-id=\"bb04fb7\" data-element_type=\"container\">\n\t\t\t\t<div class=\"elementor-element elementor-element-de9bac0 elementor-widget elementor-widget-text-editor\" data-id=\"de9bac0\" data-element_type=\"widget\" data-widget_type=\"text-editor.default\">\n\t\t\t\t<div class=\"elementor-widget-container\">\n\t\t\t\t\t\t\t\t\t<p><\/p><p>Aquesta Pol\u00edtica de Privadesa regula l&#039;\u00fas del servei del portal d&#039;Internet amb adre\u00e7a <a>https:\/\/www.aoeplastics.com<\/a>, el responsable del qual a efectes identificatius \u00e9s:<\/p><p> <\/p><p><strong>Responsable:<\/strong> AOE PLASTICS SL<br \/><strong>CIF:<\/strong> B60719515<br \/><strong>Adre\u00e7a:<\/strong> CARRER NEPTU, 24 TERRASSA 08228 Barcelona, Espanya<br \/><strong>Tel\u00e8fon:<\/strong> 937838341<br \/><strong>Correu electr\u00f2nic:<\/strong> <a>aoeplastics@aoeplastics.com<\/a><\/p><p> <\/p><h3 class=\"wp-block-heading\">Finalitat, \u00bf Per qu\u00e8 tractem les vostres dades?<\/h3><p> <\/p><p>A efecte del que preveu el RGPD de 27 d&#039;abril de 2016, i la LO 3\/2018, tractarem les dades que recullem per a les finalitats seg\u00fcents:<\/p><p> <\/p><ul class=\"wp-block-list\"><li>Contactar amb vost\u00e8 en cas que aix\u00ed ens ho sol\u00b7liciti.<\/li> <li>Gestionar la seva navegaci\u00f3 a la web, si escau.<\/li> <li>Remetre comunicacions comercials sobre els nostres productes i serveis.<\/li> <li>Gestionar les compres de productes oferts a la web afegits a la cistella.<\/li><\/ul><p> <\/p><p>Per fer-ho, l&#039;usuari disposar\u00e0 d&#039;un formulari de registre l&#039;emplenament del qual legitimar\u00e0 l&#039;interessat a l&#039;acc\u00e9s i el gaudi de determinats serveis oferts a la web.<\/p><p> <\/p><p>Aix\u00f2 no obstant, s&#039;informa a l&#039;usuari que en tot formulari de contacte aquest ser\u00e0 informat de l&#039;\u00fas que es far\u00e0 de les dades obtingudes i, si s\u00f3n utilitzades per a una finalitat diferent, aquest consentiment s&#039;obtindr\u00e0 pr\u00e8viament i de manera expressa.<\/p><p> <\/p><p>Si el consentiment de linteressat es d\u00f3na en el context duna declaraci\u00f3 escrita que tamb\u00e9 es refereixi a altres assumptes, la sol\u00b7 licitud de consentiment es presentar\u00e0 de tal manera que es distingeixi clarament dels altres assumptes, de forma intel\u00b7ligible i de f\u00e0cil acc\u00e9s i utilitzant un llenguatge clar i senzill, de conformitat amb larticle 7.2 del RGPD de 27 dabril de 2010.<\/p><p> <\/p><h3 class=\"wp-block-heading\">Legitimaci\u00f3, Quina \u00e9s la legitimaci\u00f3 per al tractament de les vostres dades?<\/h3><p> <\/p><p>La base legal per al tractament de les vostres dades es basar\u00e0 en:<\/p><p> <\/p><ul class=\"wp-block-list\"><li>El consentiment de linteressat, per al tractament de les seves dades, conforme a larticle 6.1.a) del Reglament General Europeu de Protecci\u00f3 de Dades.<\/li> <li>L&#039;execuci\u00f3 necess\u00e0ria d&#039;un contracte en qu\u00e8 l&#039;interessat \u00e9s part o per a l&#039;aplicaci\u00f3 a petici\u00f3 d&#039;aquest de mesures precontractuals, d&#039;acord amb l&#039;article 6.1.b) del Reglament General Europeu de Protecci\u00f3 de Dades.<\/li><\/ul><p> <\/p><h3 class=\"wp-block-heading\">Destinataris A qui comuniquem les teves dades?<\/h3><p> <\/p><p>Les dades personals no seran objecte de cessi\u00f3 llevat del compliment d&#039;obligacions legalment establertes per donar suport als serveis vinculats a aquest tractament.<\/p><p> <\/p><h3 class=\"wp-block-heading\">Conservaci\u00f3, durant quant de temps conservem les teves dades?<\/h3><p> <\/p><p>Conservarem les vostres dades de car\u00e0cter personal durant almenys 5 anys en cas que sigui client i per a l&#039;estricte compliment de les obligacions legals establertes a la normativa.<\/p><p> <\/p><p>En cas de no ser client, conservarem les dades el m\u00ednim temps indispensable per gestionar la nostra relaci\u00f3.<\/p><p> <\/p><h3 class=\"wp-block-heading\">Drets, quins s\u00f3n els teus drets quan ens facilites les teves dades?<\/h3><p> <\/p><p>Qualsevol persona t\u00e9 dret a obtenir confirmaci\u00f3 sobre si es tracten dades personals que li concerneixen.<\/p><p> <\/p><p>Les persones interessades tenen dret a poder accedir a les seves dades personals, aix\u00ed com a sol\u00b7licitar la rectificaci\u00f3 de les dades inexactes o, si escau, sol\u00b7licitar-ne la supressi\u00f3 quan, entre altres motius, les dades ja no siguin necess\u00e0ries per als fins que van ser recollides.<\/p><p> <\/p><p>En determinades circumst\u00e0ncies, les persones interessades podran sol\u00b7licitar la limitaci\u00f3 del tractament de les seves dades, cas en qu\u00e8 \u00fanicament les conservarem per a l&#039;exercici o la defensa de reclamacions.<\/p><p> <\/p><p>En determinades circumst\u00e0ncies i per motius relacionats amb la seva situaci\u00f3 particular, les persones interessades es poden oposar al tractament de les seves dades. En aquest cas, es deixaran de tractar les dades, excepte per motius leg\u00edtims o l&#039;exercici o la defensa de possibles reclamacions.<\/p><p> <\/p><p>Les persones interessades podran sol\u00b7licitar la portabilitat de les dades per obtenir les dades que han proporcionat en un format estructurat, d\u00fas com\u00fa i de lectura mec\u00e0nica, per ser descarregades per si mateixes o transmeses a una altra entitat.<\/p><p> <\/p><p>La persona interessada pot exercitar els seus drets dirigint un correu electr\u00f2nic a ladre\u00e7a de correu electr\u00f2nic <a>aoeplastics@aoeplastics.com<\/a>, o si escau a la direcci\u00f3 f\u00edsica CARRER NEPTU, 24 TERRASSA 08228 Barcelona, Espanya.<\/p><p> <\/p><h3 class=\"wp-block-heading\">Consentiment menors, qu\u00e8 passa si ets menor d&#039;edat?<\/h3><p> <\/p><p>En cas que alguns dels nostres serveis vagin dirigits espec\u00edficament a menors de catorze anys, sol\u00b7licitarem la conformitat dels pares o tutors per a la recollida de les dades personals o, si escau, per al tractament automatitzat de les dades conforme a l&#039;article 7 de la LOPDGDD.<\/p><p> <\/p><h3 class=\"wp-block-heading\">Exactitud, veracitat i seguretat de les dades, com tractem les teves dades?<\/h3><p> <\/p><p>L&#039;Usuari \u00e9s l&#039;\u00fanic responsable de la veracitat i correcci\u00f3 de les dades incloses, esperant-nos de qualsevol responsabilitat al respecte. Els usuaris garanteixen i responen, en qualsevol cas, de l&#039;exactitud, vig\u00e8ncia i autenticitat de les dades personals facilitades, i es comprometen a mantenir-les degudament actualitzades.<\/p><p> <\/p><p>L&#039;usuari accepta proporcionar informaci\u00f3 completa i correcta als formularis de registre o subscripci\u00f3. No respondrem de la veracitat de les informacions que no siguin d&#039;elaboraci\u00f3 pr\u00f2pia i de les quals s&#039;indiqui una altra font, per la qual cosa tampoc no assumim cap responsabilitat quant a hipot\u00e8tics perjudicis que es puguin originar per l&#039;\u00fas d&#039;aquesta informaci\u00f3.<\/p><p> <\/p><p>Les dades seran tractades de forma confidencial i sota el sotmetiment a mesures t\u00e8cniques i organitzatives de seguretat adequades per evitar la seva alteraci\u00f3, p\u00e8rdua, tractament o acc\u00e9s no autoritzat.<\/p><p> <\/p><p>Podr\u00e0 presentar una reclamaci\u00f3 davant l&#039;Ag\u00e8ncia Espanyola de Protecci\u00f3 de Dades, especialment quan no hagi obtingut satisfacci\u00f3 en l&#039;exercici dels seus drets, a l&#039;adre\u00e7a postal i\/o electr\u00f2nica indicada a la p\u00e0gina <a>www.aepd.es<\/a>.<\/p><p><\/p>\t\t\t\t\t\t\t\t<\/div>\n\t\t\t\t<\/div>\n\t\t\t\t<\/div>\n\t\t\t\t<\/div>","protected":false},"excerpt":{"rendered":"<p>Aquesta Pol\u00edtica de Privadesa regula l&#039;\u00fas del servei del portal d&#039;Internet amb adre\u00e7a https:\/\/www.aoeplastics.com, el responsable del qual [...]<\/p>","protected":false},"author":3,"featured_media":0,"parent":0,"menu_order":0,"comment_status":"closed","ping_status":"closed","template":"","meta":{"site-sidebar-layout":"no-sidebar","site-content-layout":"","ast-site-content-layout":"full-width-container","site-content-style":"default","site-sidebar-style":"default","ast-global-header-display":"","ast-banner-title-visibility":"","ast-main-header-display":"","ast-hfb-above-header-display":"","ast-hfb-below-header-display":"","ast-hfb-mobile-header-display":"","site-post-title":"disabled","ast-breadcrumbs-content":"","ast-featured-img":"disabled","footer-sml-layout":"","theme-transparent-header-meta":"","adv-header-id-meta":"","stick-header-meta":"","header-above-stick-meta":"","header-main-stick-meta":"","header-below-stick-meta":"","astra-migrate-meta-layouts":"default","ast-page-background-enabled":"default","ast-page-background-meta":{"desktop":{"background-color":"var(--ast-global-color-4)","background-image":"","background-repeat":"repeat","background-position":"center center","background-size":"auto","background-attachment":"scroll","background-type":"","background-media":"","overlay-type":"","overlay-color":"","overlay-opacity":"","overlay-gradient":""},"tablet":{"background-color":"","background-image":"","background-repeat":"repeat","background-position":"center center","background-size":"auto","background-attachment":"scroll","background-type":"","background-media":"","overlay-type":"","overlay-color":"","overlay-opacity":"","overlay-gradient":""},"mobile":{"background-color":"","background-image":"","background-repeat":"repeat","background-position":"center center","background-size":"auto","background-attachment":"scroll","background-type":"","background-media":"","overlay-type":"","overlay-color":"","overlay-opacity":"","overlay-gradient":""}},"ast-content-background-meta":{"desktop":{"background-color":"var(--ast-global-color-5)","background-image":"","background-repeat":"repeat","background-position":"center center","background-size":"auto","background-attachment":"scroll","background-type":"","background-media":"","overlay-type":"","overlay-color":"","overlay-opacity":"","overlay-gradient":""},"tablet":{"background-color":"var(--ast-global-color-5)","background-image":"","background-repeat":"repeat","background-position":"center center","background-size":"auto","background-attachment":"scroll","background-type":"","background-media":"","overlay-type":"","overlay-color":"","overlay-opacity":"","overlay-gradient":""},"mobile":{"background-color":"var(--ast-global-color-5)","background-image":"","background-repeat":"repeat","background-position":"center center","background-size":"auto","background-attachment":"scroll","background-type":"","background-media":"","overlay-type":"","overlay-color":"","overlay-opacity":"","overlay-gradient":""}},"footnotes":""},"class_list":["post-1053","page","type-page","status-publish","hentry"],"_links":{"self":[{"href":"https:\/\/aoeplastics.com\/ca\/wp-json\/wp\/v2\/pages\/1053","targetHints":{"allow":["GET"]}}],"collection":[{"href":"https:\/\/aoeplastics.com\/ca\/wp-json\/wp\/v2\/pages"}],"about":[{"href":"https:\/\/aoeplastics.com\/ca\/wp-json\/wp\/v2\/types\/page"}],"author":[{"embeddable":true,"href":"https:\/\/aoeplastics.com\/ca\/wp-json\/wp\/v2\/users\/3"}],"replies":[{"embeddable":true,"href":"https:\/\/aoeplastics.com\/ca\/wp-json\/wp\/v2\/comments?post=1053"}],"version-history":[{"count":8,"href":"https:\/\/aoeplastics.com\/ca\/wp-json\/wp\/v2\/pages\/1053\/revisions"}],"predecessor-version":[{"id":1073,"href":"https:\/\/aoeplastics.com\/ca\/wp-json\/wp\/v2\/pages\/1053\/revisions\/1073"}],"wp:attachment":[{"href":"https:\/\/aoeplastics.com\/ca\/wp-json\/wp\/v2\/media?parent=1053"}],"curies":[{"name":"wp","href":"https:\/\/api.w.org\/{rel}","templated":true}]}}