{"id":1054,"date":"2025-02-20T11:11:25","date_gmt":"2025-02-20T10:11:25","guid":{"rendered":"https:\/\/aoeplastics.com\/?page_id=1054"},"modified":"2025-05-16T14:11:54","modified_gmt":"2025-05-16T12:11:54","slug":"politica-de-cookies","status":"publish","type":"page","link":"https:\/\/aoeplastics.com\/ca\/politica-de-cookies\/","title":{"rendered":"Pol\u00edtica de cookies"},"content":{"rendered":"<div data-elementor-type=\"wp-page\" data-elementor-id=\"1054\" class=\"elementor elementor-1054\" data-elementor-post-type=\"page\">\n\t\t\t\t<div class=\"elementor-element elementor-element-4df92ba e-con-full e-transform e-flex e-con e-parent\" data-id=\"4df92ba\" data-element_type=\"container\" data-settings=\"{&quot;background_background&quot;:&quot;classic&quot;,&quot;_transform_scale_effect&quot;:{&quot;unit&quot;:&quot;px&quot;,&quot;size&quot;:1.1,&quot;sizes&quot;:[]},&quot;_transform_scale_effect_tablet&quot;:{&quot;unit&quot;:&quot;px&quot;,&quot;size&quot;:&quot;&quot;,&quot;sizes&quot;:[]},&quot;_transform_scale_effect_mobile&quot;:{&quot;unit&quot;:&quot;px&quot;,&quot;size&quot;:&quot;&quot;,&quot;sizes&quot;:[]}}\">\n\t\t<div class=\"elementor-element elementor-element-fcca0a1 e-con-full e-flex e-con e-child\" data-id=\"fcca0a1\" data-element_type=\"container\" data-settings=\"{&quot;background_background&quot;:&quot;classic&quot;}\">\n\t\t\t\t<\/div>\n\t\t<div class=\"elementor-element elementor-element-b1dbd80 e-con-full elementor-hidden-mobile e-flex e-con e-child\" data-id=\"b1dbd80\" data-element_type=\"container\" data-settings=\"{&quot;background_background&quot;:&quot;classic&quot;}\">\n\t\t\t\t<\/div>\n\t\t\t\t<\/div>\n\t\t<div class=\"elementor-element elementor-element-bb04fb7 e-con-full e-flex e-con e-parent\" data-id=\"bb04fb7\" data-element_type=\"container\">\n\t\t\t\t<div class=\"elementor-element elementor-element-ec932c2 elementor-widget elementor-widget-text-editor\" data-id=\"ec932c2\" data-element_type=\"widget\" data-widget_type=\"text-editor.default\">\n\t\t\t\t<div class=\"elementor-widget-container\">\n\t\t\t\t\t\t\t\t\t<p><\/p><p>En aquesta web s&#039;utilitzen cookies de tercers i pr\u00f2pies per aconseguir que tinguis una millor experi\u00e8ncia de navegaci\u00f3, puguis compartir contingut a xarxes socials i perqu\u00e8 puguem obtenir estad\u00edstiques dels usuaris.<\/p><p> <\/p><p>Pots evitar la desc\u00e0rrega de cookies a trav\u00e9s de la configuraci\u00f3 del teu navegador, evitant que les galetes s&#039;emmagatzemin al dispositiu.<\/p><p> <\/p><p>Com a propietari d&#039;aquest lloc web, us comunic que no utilitzem cap informaci\u00f3 personal procedent de cookies, nom\u00e9s realitzem estad\u00edstiques generals de visites que no suposen cap informaci\u00f3 personal.<\/p><p> <\/p><p>\u00c9s molt important que llegeixis aquesta pol\u00edtica de cookies i comprenguis que, \u00fanicament s&#039;emmagatzemaran al teu dispositiu les cookies necess\u00e0ries per a la navegaci\u00f3. La resta de cookies s&#039;instal\u00b7laran sempre que ho consentis expressament.<\/p><p> <\/p><p>Segons els termes inclosos a l&#039;article 22.2 de la Llei 34\/2002 de Serveis de la Societat de la Informaci\u00f3 i Comer\u00e7 Electr\u00f2nic, si continues navegant, estar\u00e0s prestant el teu consentiment per a l&#039;ocupaci\u00f3 dels mecanismes esmentats.<\/p><p> <\/p><h3 class=\"wp-block-heading\"><strong>Entitat Responsable<\/strong><\/h3><p> <\/p><p>L&#039;entitat responsable de la recollida, processament i utilitzaci\u00f3 de les teves dades personals, en el sentit establert per la Llei de Protecci\u00f3 de Dades personals, \u00e9s la p\u00e0gina WWW.CHAMELEONGROWTH.ES, propietat de MERITXELL ALMIRALL AMEIJEIRAS, i adre\u00e7a al c\/ ROGER DE LLURIA N\u00daM. 106.<\/p><p> <\/p><h3 class=\"wp-block-heading\"><strong>Qu\u00e8 s\u00f3n les galetes?<\/strong><\/h3><p> <\/p><p>Les galetes s\u00f3n un conjunt de dades que un servidor diposita al navegador de l&#039;usuari per recollir la informaci\u00f3 de registre est\u00e0ndard d&#039;Internet i la informaci\u00f3 del comportament dels visitants en un lloc web. \u00c9s a dir, es tracta de petits arxius de text que queden emmagatzemats al disc dur de lordinador i que serveixen per identificar lusuari quan es connecta novament al lloc web. Els seus objectius registrar la visita de lusuari i guardar certa informaci\u00f3. El seu \u00fas \u00e9s com\u00fa i freq\u00fcent a la web ja que permet a les p\u00e0gines funcionar de manera m\u00e9s eficient i aconseguir una major personalitzaci\u00f3 i an\u00e0lisi sobre el comportament de l&#039;usuari.<\/p><p> <\/p><h3 class=\"wp-block-heading\"><strong>Quins tipus de galetes hi ha?<\/strong><\/h3><p> <\/p><p>Les cookies utilitzades al nostre lloc web, s\u00f3n de sessi\u00f3 i de tercers, i ens permeten emmagatzemar i accedir a informaci\u00f3 relativa a l&#039;idioma, el tipus de navegador utilitzat, i altres caracter\u00edstiques generals predefinides per l&#039;usuari, aix\u00ed com, seguir i analitzar l&#039;activitat que duu a terme, per tal d&#039;introduir millores i prestar els nostres serveis d&#039;una manera m\u00e9s eficient i personalitzada.<\/p><p> <\/p><p>Les galetes, en funci\u00f3 de la seva perman\u00e8ncia, poden dividir-se en galetes de sessi\u00f3 o permanents. Les que expiran quan l&#039;usuari tanca el navegador. Les que expiren en funci\u00f3 de quan es compleixi l&#039;objectiu per al que serveixen (per exemple, perqu\u00e8 l&#039;usuari es mantingui identificat en els serveis de MERITXELL ALMIRALL AMEIJEIRASo b\u00e9 quan s&#039;esborren manualment.<\/p><p> <\/p><h3 class=\"wp-block-heading\"><strong>Cookies de rendiment<\/strong><\/h3><p> <\/p><p>Aquest tipus de Cookie recorda les vostres prefer\u00e8ncies per a les eines que es troben en els serveis, per la qual cosa no heu de tornar a configurar el servei cada vegada que visiteu. botigues.<\/p><p> <\/p><h3 class=\"wp-block-heading\"><strong>Galetes de geo-localitzaci\u00f3<\/strong><\/h3><p> <\/p><p>Aquestes cookies s\u00f3n utilitzades per esbrinar a quin pa\u00eds es troba quan se sol\u00b7licita un servei. Estacookie \u00e9s totalment an\u00f2nima, i nom\u00e9s sutilitza per ajudar a orientar el contingut a la seva ubicaci\u00f3.<\/p><p> <\/p><h3 class=\"wp-block-heading\"><strong>Cookies de registre<\/strong><\/h3><p> <\/p><p>Les galetes de registre es generen una vegada que l&#039;usuari s&#039;ha registrat o posteriorment ha obert susessi\u00f3, i s&#039;utilitzen per identificar-lo als serveis amb els objectius seg\u00fcents:<\/p><p> <\/p><ul class=\"wp-block-list\"><li>Mantenir l&#039;usuari identificat de manera que, si tanqueu un servei, el navegador o l&#039;ordinador i en un altre moment o un altre dia torneu a entrar en aquest servei, seguireu identificat, facilitant aix\u00ed sunavegaci\u00f3 sense haver de tornar a identificar-se. Aquesta funcionalitat es pot suprimir si l&#039;usuari prem funcionalitat [tancar sessi\u00f3], de manera que aquesta galeta s&#039;elimina i la propera vegada que entri al servei l&#039;usuari haur\u00e0 d&#039;iniciar sessi\u00f3 per estar identificat.<\/li> <li>Comproveu si l&#039;usuari est\u00e0 autoritzat per accedir a certs serveis, per exemple, per participar en un concurs.<\/li><\/ul><p> <\/p><p>Addicionalment, alguns serveis poden utilitzar connectors amb xarxes socials com Facebook o Twitter. Quan l&#039;usuari es registra en un servei amb credencials d&#039;una xarxa social, autoritza a la xarxa social esperar una Cookie persistent que recorda la seva identitat i li garanteix acc\u00e9s als serveis fins que expira. L&#039;usuari pot esborrar aquesta galeta i revocar l&#039;acc\u00e9s als serveis mitjan\u00e7ant xarxes socials actualitzant les seves prefer\u00e8ncies a la xarxa social que espec\u00edfica.<\/p><p> <\/p><h3 class=\"wp-block-heading\"><strong>Galetes anal\u00edtiques<\/strong><\/h3><p> <\/p><p>Cada vegada que un usuari visita un servei, una eina d&#039;un prove\u00efdor extern genera una galeta anal\u00edtica a l&#039;ordinador de l&#039;usuari. Aquesta galeta que nom\u00e9s es genera a la visita, servir\u00e0 en properes visites als serveis de MERITXELL ALMIRALL AMEIJEIRAS, per identificar de forma an\u00f2nima el visitant.<\/p><p> <\/p><ul class=\"wp-block-list\"><li>Permetre la identificaci\u00f3 an\u00f2nima dels usuaris navegants a trav\u00e9s de la galeta (identifica navegadors i dispositius, no persones) i per tant la comptabilitzaci\u00f3 aproximada del nombre de visitants i la subtend\u00e8ncia en el temps.<\/li> <li>Identificar de forma an\u00f2nima els continguts m\u00e9s visitats i per tant m\u00e9s atractius per als usuaris saber si l&#039;usuari que est\u00e0 accedint \u00e9s nou o repeteix visita.<\/li><\/ul><p> <\/p><p>Important: Llevat que l&#039;usuari decideixi registrar-se en un servei MERITXELL ALMIRALL AMEIJEIRAS, la galeta mai no anir\u00e0 associada a cap dada de car\u00e0cter personal que pugui identificar-lo. Aquestes galetes nom\u00e9s seran utilitzades amb prop\u00f2sits estad\u00edstics que ajudin a l&#039;optimitzaci\u00f3 de l&#039;experi\u00e8ncia dels usuaris al lloc.<\/p><p> <\/p><h3 class=\"wp-block-heading\"><strong>Cookies de publicitat<\/strong><\/h3><p> <\/p><p>Aquest tipus de galetes permeten ampliar la informaci\u00f3 dels anuncis mostrats a cada usuari an\u00f2nim en els serveis de MERITXELL ALMIRALL AMEIJEIRAS Entre d&#039;altres, s&#039;emmagatzema la durada o freq\u00fc\u00e8ncia de visualitzaci\u00f3 de posicions publicit\u00e0ries, la interacci\u00f3 amb aquestes, o els patrons de navegaci\u00f3 i\/o comportaments de l&#039;usuari ja que ajuden a conformar un perfil d&#039;inter\u00e8s. D&#039;aquesta manera, permeten oferir publicitat af\u00ed als interessos de l&#039;usuari.<\/p><p> <\/p><h3 class=\"wp-block-heading\"><strong>Galetes publicit\u00e0ries de tercers<\/strong><\/h3><p> <\/p><p>A m\u00e9s de la publicitat gestionada pels webs MERITXELL ALMIRALL AMEIJEIRAS als seus serveis, les webs de MERITXELL ALMIRALL AMEIJEIRASofereixen als seus anunciants l&#039;opci\u00f3 de servir anuncis a trav\u00e9s de tercers (\u201cAd-Servers\u201d). D&#039;aquesta manera, aquests tercers poden emmagatzemar cookies enviades des dels serveis de MERITXELL ALMIRALL AMEIJEIRAS procedents dels navegadors dels usuaris, aix\u00ed com accedir a les dades que s&#039;hi guarden.<\/p><p> <\/p><h3 class=\"wp-block-heading\"><strong>Com puc desactivar les galetes al meu navegador?<\/strong><\/h3><p> <\/p><p>Es poden configurar els diferents navegadors per avisar l&#039;usuari de la recepci\u00f3 de cookies i, si voleu, impedir-ne la instal\u00b7laci\u00f3 a l&#039;equip. Aix\u00ed mateix, l&#039;usuari pot revisar al seu navegador quines galetes t\u00e9 instal\u00b7lades i quin \u00e9s el termini de caducitat de les mateixes, podent eliminar-les.<\/p><p> <\/p><p>Per ampliar aquesta informaci\u00f3 consulteu les instruccions i manuals del vostre navegador:<\/p><p> <\/p><ul class=\"wp-block-list\"><li>Per a m\u00e9s informaci\u00f3 sobre l&#039;administraci\u00f3 de les galetes a Google Chrome:\u00a0<a href=\"https:\/\/support.google.com\/chrome\/answer\/95647?hl=es\" target=\"_blank\" rel=\"noreferrer noopener\">aqu\u00ed<\/a><\/li> <li>Per a m\u00e9s informaci\u00f3 sobre l&#039;administraci\u00f3 de les galetes a Internet Explore:\u00a0<a href=\"https:\/\/support.microsoft.com\/es-es\/windows\/eliminar-y-administrar-cookies-168dab11-0753-043d-7c16-ede5947fc64d#:~:text=En%20Internet%20Explorer%2C%20seleccione%20el,si%20prefieres%20que%20te%20pregunten\" target=\"_blank\" rel=\"noreferrer noopener\">aqu\u00ed<\/a><\/li> <li>Per a m\u00e9s informaci\u00f3 sobre l&#039;administraci\u00f3 de les galetes a Mozilla Firefox:\u00a0<a href=\"http:\/\/windows.microsoft.com\/es-es\/windows-vista\/cookies-frequently-asked-%09questions\" target=\"_blank\" rel=\"noreferrer noopener\">aqu\u00ed<\/a><\/li> <li>Per a m\u00e9s informaci\u00f3 sobre l&#039;administraci\u00f3 de les galetes a Safari:\u00a0<a href=\"http:\/\/www.apple.com\/es\/privacy\/use-of-cookies\/\" target=\"_blank\" rel=\"noreferrer noopener\">aqu\u00ed<\/a><\/li> <li>Per a m\u00e9s informaci\u00f3 sobre l&#039;administraci\u00f3 de les galetes a Opera:\u00a0<a href=\"http:\/\/help.opera.com\/Windows\/11.50\/es-ES\/cookies.html\" target=\"_blank\" rel=\"noreferrer noopener\">aqu\u00ed<\/a><\/li> <li>Si voleu deixar de ser seguit per Google Analytics visiteu:\u00a0<a href=\"http:\/\/tools.google.com\/dlpage\/gaoptout\" target=\"_blank\" rel=\"noreferrer noopener\">aqu\u00ed<\/a><\/li><\/ul><p><\/p>\t\t\t\t\t\t\t\t<\/div>\n\t\t\t\t<\/div>\n\t\t\t\t<\/div>\n\t\t\t\t<\/div>","protected":false},"excerpt":{"rendered":"<p>En esta web se utilizan cookies de terceros y propias para conseguir que tengas una mejor experiencia denavegaci\u00f3n, puedas compartir [&hellip;]<\/p>","protected":false},"author":3,"featured_media":0,"parent":0,"menu_order":0,"comment_status":"closed","ping_status":"closed","template":"","meta":{"site-sidebar-layout":"no-sidebar","site-content-layout":"","ast-site-content-layout":"full-width-container","site-content-style":"default","site-sidebar-style":"default","ast-global-header-display":"","ast-banner-title-visibility":"","ast-main-header-display":"","ast-hfb-above-header-display":"","ast-hfb-below-header-display":"","ast-hfb-mobile-header-display":"","site-post-title":"disabled","ast-breadcrumbs-content":"","ast-featured-img":"disabled","footer-sml-layout":"","theme-transparent-header-meta":"","adv-header-id-meta":"","stick-header-meta":"","header-above-stick-meta":"","header-main-stick-meta":"","header-below-stick-meta":"","astra-migrate-meta-layouts":"default","ast-page-background-enabled":"default","ast-page-background-meta":{"desktop":{"background-color":"var(--ast-global-color-4)","background-image":"","background-repeat":"repeat","background-position":"center center","background-size":"auto","background-attachment":"scroll","background-type":"","background-media":"","overlay-type":"","overlay-color":"","overlay-opacity":"","overlay-gradient":""},"tablet":{"background-color":"","background-image":"","background-repeat":"repeat","background-position":"center center","background-size":"auto","background-attachment":"scroll","background-type":"","background-media":"","overlay-type":"","overlay-color":"","overlay-opacity":"","overlay-gradient":""},"mobile":{"background-color":"","background-image":"","background-repeat":"repeat","background-position":"center center","background-size":"auto","background-attachment":"scroll","background-type":"","background-media":"","overlay-type":"","overlay-color":"","overlay-opacity":"","overlay-gradient":""}},"ast-content-background-meta":{"desktop":{"background-color":"var(--ast-global-color-5)","background-image":"","background-repeat":"repeat","background-position":"center center","background-size":"auto","background-attachment":"scroll","background-type":"","background-media":"","overlay-type":"","overlay-color":"","overlay-opacity":"","overlay-gradient":""},"tablet":{"background-color":"var(--ast-global-color-5)","background-image":"","background-repeat":"repeat","background-position":"center center","background-size":"auto","background-attachment":"scroll","background-type":"","background-media":"","overlay-type":"","overlay-color":"","overlay-opacity":"","overlay-gradient":""},"mobile":{"background-color":"var(--ast-global-color-5)","background-image":"","background-repeat":"repeat","background-position":"center center","background-size":"auto","background-attachment":"scroll","background-type":"","background-media":"","overlay-type":"","overlay-color":"","overlay-opacity":"","overlay-gradient":""}},"footnotes":""},"class_list":["post-1054","page","type-page","status-publish","hentry"],"_links":{"self":[{"href":"https:\/\/aoeplastics.com\/ca\/wp-json\/wp\/v2\/pages\/1054","targetHints":{"allow":["GET"]}}],"collection":[{"href":"https:\/\/aoeplastics.com\/ca\/wp-json\/wp\/v2\/pages"}],"about":[{"href":"https:\/\/aoeplastics.com\/ca\/wp-json\/wp\/v2\/types\/page"}],"author":[{"embeddable":true,"href":"https:\/\/aoeplastics.com\/ca\/wp-json\/wp\/v2\/users\/3"}],"replies":[{"embeddable":true,"href":"https:\/\/aoeplastics.com\/ca\/wp-json\/wp\/v2\/comments?post=1054"}],"version-history":[{"count":10,"href":"https:\/\/aoeplastics.com\/ca\/wp-json\/wp\/v2\/pages\/1054\/revisions"}],"predecessor-version":[{"id":1079,"href":"https:\/\/aoeplastics.com\/ca\/wp-json\/wp\/v2\/pages\/1054\/revisions\/1079"}],"wp:attachment":[{"href":"https:\/\/aoeplastics.com\/ca\/wp-json\/wp\/v2\/media?parent=1054"}],"curies":[{"name":"wp","href":"https:\/\/api.w.org\/{rel}","templated":true}]}}